{"id":18394,"date":"2020-07-28T12:25:22","date_gmt":"2020-07-28T10:25:22","guid":{"rendered":"https:\/\/penelopearts.com\/arts\/?page_id=18394"},"modified":"2023-03-07T11:17:07","modified_gmt":"2023-03-07T10:17:07","slug":"contemporary-perspectives","status":"publish","type":"page","link":"https:\/\/penelopearts.com\/arts\/contemporary-perspectives\/","title":{"rendered":"Contemporary perspectives"},"content":{"rendered":"<div class=\"wpb-content-wrapper\"><p>[vc_row css_animation=&#8221;&#8221; row_type=&#8221;row&#8221; use_row_as_full_screen_section=&#8221;no&#8221; type=&#8221;full_width&#8221; angled_section=&#8221;no&#8221; text_align=&#8221;left&#8221; background_image_as_pattern=&#8221;without_pattern&#8221;][vc_column][vc_column_text]<\/p>\n<h2>Contemporary perspectives<\/h2>\n<p>[\/vc_column_text][vc_separator type=&#8221;transparent&#8221; thickness=&#8221;10&#8243;][vc_column_text]In this new \u201cContemporary Perspectives\u201d series the artist uses a whole new language for her poetic expression, that recalls the choruses of the protests and the protests on <strong>social networks<\/strong> and in the news broadcast by the <strong>media<\/strong>. Direct, <strong>provocative messages<\/strong> echoing the news that bounce between continents at the click of a mouse.<\/p>\n<p>&nbsp;<\/p>\n<p><span style=\"color: #808080\"><span class=\"style-scope yt-formatted-string\" dir=\"auto\">In questa nuova serie \u201cContemporary Perspectives\u201d l\u2019artista usa un linguaggio tutto nuovo per la sua poetica, che richiama i cori delle manifestazioni, e ancora le proteste sui social, e le news diffuse dai media. Si tratta di<strong> messaggi diretti, provocatori,<\/strong> che fanno eco alle notizie che rimbalzano tra i continenti in un batter di click.\u00a0<\/span><\/span><\/p>\n<p>[\/vc_column_text][vc_separator type=&#8221;transparent&#8221; thickness=&#8221;10&#8243;][vc_separator type=&#8221;transparent&#8221; thickness=&#8221;10&#8243;][vc_column_text]<\/p>\n<h4 class=\"title style-scope ytd-video-primary-info-renderer\">Pride Gate<\/h4>\n<p>[\/vc_column_text][vc_separator type=&#8221;transparent&#8221; thickness=&#8221;10&#8243;][\/vc_column][\/vc_row][vc_row css_animation=&#8221;&#8221; row_type=&#8221;row&#8221; use_row_as_full_screen_section=&#8221;no&#8221; type=&#8221;full_width&#8221; angled_section=&#8221;no&#8221; text_align=&#8221;left&#8221; background_image_as_pattern=&#8221;without_pattern&#8221;][vc_column][vc_column_text]<em>\u201cWhat is straight? A line can be straight, or a street, but the human heart, oh, no, it&#8217;s curved like a road through mountains.\u201d <\/em><\/p>\n<p>&nbsp;<\/p>\n<p>To coincide with the June 2020 Pride Month Penelope created a Star Gate to support the <strong>LGBT<\/strong> cause that celebrates diversity in all its forms. For the occasion she borrowed the words of <strong>Tennessee Williams<\/strong> (1911-1983), the homosexual US playwright.<\/p>\n<p>&nbsp;<\/p>\n<p><em><span style=\"color: #808080\">\u201cCosa pu\u00f2 essere definito dritto? Una riga pu\u00f2 esserlo, o una strada, ma il cuore dell\u2019uomo, oh no, \u00e8 pieno di curve come una strada di montagna\u201d<\/span><\/em><\/p>\n<p>&nbsp;<\/p>\n<p><span style=\"color: #808080\"> (In inglese \u00e8 presente un gioco di parole non trasferibile all\u2019italiano. <\/span><span style=\"color: #808080\">\u201cStraight\u201d ha due significati: \u201cdritto\u201d e \u201ceterosessuale\u201d.) <\/span><\/p>\n<p>&nbsp;<\/p>\n<p><span style=\"color: #808080\">In concomitanza con il Pride Month di Giugno 2020 Penelope realizza uno Star Gate a sostegno della causa <strong>LGBT<\/strong>, che celebra le diversit\u00e0 di ogni genere. Per l\u2019occasione prende in prestito le parole di <strong>Tennessee Williams<\/strong> (1911-1983), scrittore statunitense omosessuale.<\/span>[\/vc_column_text][vc_separator type=&#8221;transparent&#8221; thickness=&#8221;10&#8243;][vc_separator type=&#8221;transparent&#8221; thickness=&#8221;10&#8243;][vc_column_text]<\/p>\n<h4 class=\"title style-scope ytd-video-primary-info-renderer\">Laundry is the only thing\u00a0that should be separated by color<\/h4>\n<p>[\/vc_column_text][vc_separator type=&#8221;transparent&#8221; thickness=&#8221;10&#8243;][vc_column_text]<span class=\"style-scope yt-formatted-string\" dir=\"auto\">Forever engaged in the fight against racism, Penelope incorporates messages into her work that recount even-handed human dignity through scientific discoveries or images of the macro and micro cosmos that invisibly connect the whole universe: people with each other and people with nature.<\/span><\/p>\n<p>&nbsp;<\/p>\n<p>The killing of George Floyd on May 25th 2020 reawakened the <strong><em>Black Lives Matter<\/em><\/strong> movement that was born 2013 and has never gone away. The movement engaged in the fight agaist racisim originated in the absolution of George Zimmerman, who shot seventeen-year-old Afroamerican Travvon Martin to death on February 26th 2012. Following this event, the hashtag #blacklivesmatter began to appear on social networks and hence the name of the movement was born.<\/p>\n<p>&nbsp;<\/p>\n<p><span class=\"style-scope yt-formatted-string\" dir=\"auto\">The cry of the artist demands attention to life in all its aspects, in all its nuances both human and natural and expands the cause championed by the artist to all living forms. The echo of this proclamation is an <strong>attention to the future<\/strong> of our planet that starts with the peaceful sharing of its spaces and through unbounded respect among people without divisions be they of race or colour. <\/span><\/p>\n<p>&nbsp;<\/p>\n<p>&nbsp;<\/p>\n<p><span class=\"style-scope yt-formatted-string\" dir=\"auto\" style=\"color: #808080\">Da sempre impegnata nella causa contro il razzismo, Penelope incorpora nelle sue opere messaggi che raccontano la pari dignit\u00e0 umana attraverso scoperte scientifiche, o immagini del macro e micro cosmo che collegano invisibilmente tutto l\u2019Universo: gli uomini tra di loro e nei confronti della Natura. <\/span><\/p>\n<p>&nbsp;<\/p>\n<p><span style=\"color: #808080\">L\u2019uccisione di George Floyd il 25 Maggio 2020 ha risvegliato il mai scomparso movimento <strong><i>Black Lives Matter<\/i><\/strong>, nato nel 2013. Il movimento impegnato nella lotta contro il razzismo ebbe origine con l\u2019assoluzione di George Zimmerman, che aveva sparato al diciassettenne afroamericano Travvon Martin, uccidendolo, il 26 febbraio 2012. In seguito a questo avvenimento, cominci\u00f2 a comparire nei social network l\u2019hashtag #blacklivesmatter, da cui nasce il nome del movimento. <\/span><\/p>\n<p>&nbsp;<\/p>\n<p><span class=\"style-scope yt-formatted-string\" dir=\"auto\" style=\"color: #808080\">L\u2019urlo dell\u2019artista richiede un\u2019attenzione alla vita in tutti i suoi aspetti, in tutte le sue sfaccettature, sia umane che naturali, allargando la causa sostenuta dall\u2019artista stessa a tutte le forme viventi. L\u2019eco a questo proclama \u00e8 un\u2019<strong>attenzione al futuro del nostro pianeta<\/strong>, che parte dalla condivisione pacifica dei suoi spazi, e attraversa il rispetto senza limiti tra gli uomini, senza divisioni n\u00e9 di razza n\u00e9 di colore. <\/span>[\/vc_column_text][vc_separator type=&#8221;transparent&#8221; thickness=&#8221;10&#8243;][vc_separator type=&#8221;transparent&#8221; thickness=&#8221;10&#8243;][vc_column_text]<\/p>\n<h4>I am deliberate and afraid of nothing<\/h4>\n<p>[\/vc_column_text][vc_separator type=&#8221;transparent&#8221; thickness=&#8221;10&#8243;][vc_separator type=&#8221;transparent&#8221; thickness=&#8221;10&#8243;][vc_column_text]<em>&#8220;I am deliberate and afraid of nothing&#8221;<\/em> &#8211;\u00a0Audre Lorde<\/p>\n<p>&nbsp;<\/p>\n<p>Audre Lorde (1934 &#8211; 1992) was an Afro-American homosexual poet and writer. She was an activist supporting anti-racial causes and in defense of gender equality, homosexuality and civil rights. She always wanted to be seen as a warrior, and she died showing with all her actions that she couldn\u2019t be anything else.<\/p>\n<p>&nbsp;<\/p>\n<p>&nbsp;<\/p>\n<p><span style=\"color: #808080\">Audre Lorde (1934 \u2013 1992) \u00e8 stata una poetessa e scrittrice afro-americana omosessuale. Attivista a sostegno delle cause antirazziali, si \u00e8 battuta tutta la vita anche a difesa della parit\u00e0 di sesso, dell\u2019omosessualit\u00e0 e dell\u2019uguaglianza dei diritti civili. Ha sempre voluto essere considerata una guerriera, ed \u00e8 morta dimostrando in tutte le sue azioni di non essere altro. <\/span>[\/vc_column_text][vc_separator type=&#8221;transparent&#8221; thickness=&#8221;10&#8243;][vc_separator type=&#8221;transparent&#8221; thickness=&#8221;10&#8243;][vc_column_text]<\/p>\n<h4>No man is an island<\/h4>\n<p>[\/vc_column_text][vc_separator type=&#8221;transparent&#8221; thickness=&#8221;10&#8243;][vc_separator type=&#8221;transparent&#8221; thickness=&#8221;10&#8243;][vc_column_text]A famous line from &#8220;Devotions upon Emergent Occasions&#8221;, a 1624 prose work by English poet <strong>John Donne<\/strong> inspires this Star Gate.<\/p>\n<p><em> &#8220;No man is an island entire of itself;<strong> every man is a piece of the continent<\/strong>, a part of the main; if a clod be washed away by the sea, Europe is the less, as well as if a promontory were, as well as any manner of thy friends or of thine own were; any man&#8217;s death diminishes me, because I am involved in mankind. And therefore never send to know for whom the bell tolls; it tolls for thee.&#8221;<\/em><\/p>\n<p>&nbsp;<\/p>\n<p><span style=\"color: #808080\"> La famosa citazione \u00e8 tratta da &#8220;Devozioni per occasioni d\u2019emergenza&#8221; del 1624, un lavoro in prosa del poeta inglese <strong>John Donne<\/strong>. <\/span><\/p>\n<p>&nbsp;<\/p>\n<p><span style=\"color: #808080\"><em>&#8220;Nessun uomo \u00e8 un\u2019isola, completo in se stesso; <strong>ogni uomo \u00e8 un pezzo del continente<\/strong>, una parte del tutto. Se anche solo una zolla venisse lavata via dal mare, l\u2019Europa ne sarebbe diminuita, come se le mancasse un promontorio, come se venisse a mancare una dimora di amici tuoi, o la tua stessa casa. La morte di qualsiasi uomo mi sminuisce, perch\u00e9 io sono parte dell\u2019umanit\u00e0. E dunque non chiedere mai per chi suona la campana: suona per te.&#8221;<\/em><\/span>[\/vc_column_text][vc_separator type=&#8221;transparent&#8221; thickness=&#8221;10&#8243;][vc_separator type=&#8221;transparent&#8221; thickness=&#8221;10&#8243;][vc_column_text]<\/p>\n<h4>We should all be feminists<\/h4>\n<p>[\/vc_column_text][vc_separator type=&#8221;transparent&#8221; thickness=&#8221;10&#8243;][vc_separator type=&#8221;transparent&#8221; thickness=&#8221;10&#8243;][vc_column_text]<em><strong>We Should All Be Feminists<\/strong><\/em> is an essay by Nigerian writer, activist and feminist <strong>Chimamanda Ngozi Adichie<\/strong>.<\/p>\n<p>&nbsp;<\/p>\n<p>The author starts from the condition of subjection of the woman in Nigeria to stating that it is necessary, in all modern society, to rebalance forces aimed at true <strong>gender equality<\/strong>, which is non-existent today.<\/p>\n<p>&nbsp;<\/p>\n<p>&nbsp;<\/p>\n<p><span style=\"color: #999999\"><strong><em>Dovremmo essere tutti femministi<\/em><\/strong> (We Should All Be Feminists) \u00e8 un saggio della scrittrice, attivista e femminista nigeriana <strong>Chimamanda Ngozi Adichie<\/strong>.\u00a0<\/span><\/p>\n<p>&nbsp;<\/p>\n<p><span style=\"color: #999999\">L\u2019autrice parte dalla condizione di sottomissione della donna in Nigeria per arrivare ad affermare che in tutta la societ\u00e0 moderna \u00e8 necessario un riequilibrio di forze, finalizzato a una vera <strong>parit\u00e0 di genere<\/strong>, a oggi inesistente.<\/span>[\/vc_column_text][vc_separator type=&#8221;transparent&#8221; thickness=&#8221;10&#8243;][vc_separator type=&#8221;transparent&#8221; thickness=&#8221;10&#8243;][vc_column_text]<\/p>\n<h4>Don&#8217;t follow your dreams<\/h4>\n<p>[\/vc_column_text][vc_separator type=&#8221;transparent&#8221; thickness=&#8221;10&#8243;][vc_separator type=&#8221;transparent&#8221; thickness=&#8221;10&#8243;][vc_column_text]<em>\u201cA lot of parents will do anything for their kids, except let them be themselves\u201d<\/em> Banksy<\/p>\n<p>&nbsp;<\/p>\n<p>Contemporary philosophy often lurks in the least expected places. Sometimes on street-art-covered walls.<\/p>\n<p>Banksy, British street artist and writer, is known for his visual provocations and literary ones, too. Capable of disarming clarity over thorny and complex issues with political, racial, cultural and ethical origins, he has managed to surprise for decades with his <strong>immediacy and shamelessness<\/strong>.<\/p>\n<p>&nbsp;<\/p>\n<p>Penelope has chosen this quotation as a warning in the light of her own experience as a <strong>new mother<\/strong>. Admiration for this artist has led her to shift the focus of her works from universal themes to current themes in which she expresses the universality of her work through specific themes that shine a light on <strong>contemporary humanity<\/strong>.<\/p>\n<p>&nbsp;<\/p>\n<p>&nbsp;<\/p>\n<p><span style=\"color: #999999\"><em>\u201cMolti genitori farebbero di tutto per i loro figli, eccetto lasciarli essere se stessi\u201d Banksy<\/em><\/span><\/p>\n<p>&nbsp;<\/p>\n<p><span style=\"color: #999999\">La filosofia contemporanea si nasconde spesso dietro i luoghi pi\u00f9 impensati. Alcune volte anche dietro ai muri ricoperti di street art.<\/span><\/p>\n<p><span style=\"color: #999999\">Banksy, street artist e writer britannico, \u00e8 conosciuto per le sue provocazioni visive, ma anche letterarie. Capace di una chiarezza disarmante di fronte a tematiche spinose e complesse a sfondo politico, razziale, culturale ed etico, riesce a sorprendere per la sua<strong> immediatezza e spudoratezza<\/strong> da decenni.\u00a0<\/span><\/p>\n<p>&nbsp;<\/p>\n<p><span style=\"color: #999999\">Penelope sceglie questa sua citazione quasi come un monito di fronte al proprio <strong>vissuto di neo-madre.<\/strong> L\u2019ammirazione per questo artista l\u2019ha portata a spostare il focus delle proprie opere da tematiche universali a temi di attualit\u00e0, nei quali tratta l\u2019universalit\u00e0 del suo lavoro attraverso temi specifici che aprono portali sull\u2019<strong>umanit\u00e0 contemporanea<\/strong>.<\/span>[\/vc_column_text][vc_separator type=&#8221;transparent&#8221; thickness=&#8221;10&#8243;][vc_separator type=&#8221;transparent&#8221; thickness=&#8221;10&#8243;][\/vc_column][\/vc_row]<\/p>\n<\/div>","protected":false},"excerpt":{"rendered":"<p>[vc_row css_animation=&#8221;&#8221; row_type=&#8221;row&#8221; use_row_as_full_screen_section=&#8221;no&#8221; type=&#8221;full_width&#8221; angled_section=&#8221;no&#8221; text_align=&#8221;left&#8221; background_image_as_pattern=&#8221;without_pattern&#8221;][vc_column][vc_column_text] Contemporary perspectives [\/vc_column_text][vc_separator type=&#8221;transparent&#8221; thickness=&#8221;10&#8243;][vc_column_text]In this new \u201cContemporary Perspectives\u201d series the artist uses a whole new language for her poetic expression, that recalls the choruses of the protests and the protests on social networks and in the&#8230;<\/p>\n","protected":false},"author":4,"featured_media":0,"parent":0,"menu_order":0,"comment_status":"closed","ping_status":"closed","template":"","meta":{"_monsterinsights_skip_tracking":false,"_monsterinsights_sitenote_active":false,"_monsterinsights_sitenote_note":"","_monsterinsights_sitenote_category":0,"footnotes":""},"class_list":["post-18394","page","type-page","status-publish","hentry"],"aioseo_notices":[],"_links":{"self":[{"href":"https:\/\/penelopearts.com\/arts\/wp-json\/wp\/v2\/pages\/18394","targetHints":{"allow":["GET"]}}],"collection":[{"href":"https:\/\/penelopearts.com\/arts\/wp-json\/wp\/v2\/pages"}],"about":[{"href":"https:\/\/penelopearts.com\/arts\/wp-json\/wp\/v2\/types\/page"}],"author":[{"embeddable":true,"href":"https:\/\/penelopearts.com\/arts\/wp-json\/wp\/v2\/users\/4"}],"replies":[{"embeddable":true,"href":"https:\/\/penelopearts.com\/arts\/wp-json\/wp\/v2\/comments?post=18394"}],"version-history":[{"count":20,"href":"https:\/\/penelopearts.com\/arts\/wp-json\/wp\/v2\/pages\/18394\/revisions"}],"predecessor-version":[{"id":18869,"href":"https:\/\/penelopearts.com\/arts\/wp-json\/wp\/v2\/pages\/18394\/revisions\/18869"}],"wp:attachment":[{"href":"https:\/\/penelopearts.com\/arts\/wp-json\/wp\/v2\/media?parent=18394"}],"curies":[{"name":"wp","href":"https:\/\/api.w.org\/{rel}","templated":true}]}}