{"id":18340,"date":"2020-07-24T11:33:49","date_gmt":"2020-07-24T09:33:49","guid":{"rendered":"https:\/\/penelopearts.com\/arts\/?page_id=18340"},"modified":"2023-03-09T15:43:29","modified_gmt":"2023-03-09T14:43:29","slug":"macro-cosmo","status":"publish","type":"page","link":"https:\/\/penelopearts.com\/arts\/macro-cosmo\/","title":{"rendered":"Macro Cosmos"},"content":{"rendered":"<div class=\"wpb-content-wrapper\"><p>[vc_row css_animation=&#8221;&#8221; row_type=&#8221;row&#8221; use_row_as_full_screen_section=&#8221;no&#8221; type=&#8221;full_width&#8221; angled_section=&#8221;no&#8221; text_align=&#8221;left&#8221; background_image_as_pattern=&#8221;without_pattern&#8221;][vc_column][vc_column_text]<\/p>\n<h2>Macro Cosmos<\/h2>\n<p>[\/vc_column_text][vc_separator type=&#8221;transparent&#8221; thickness=&#8221;10&#8243;][vc_column_text]Science has shown that the earth and the life on it were forged by stars born after the Big Bang exploding. In fact, only three elements were created during the Big Bang: helium, hydrogen and lithium; all the other elements were born afterwards as the result of the extreme heat and pressure inside stars. This is why human beings, like all nature, consist of stardust, atoms from space.<\/p>\n<p>The infinity mirrors of this series are based on this concept, and on the concept of universality and equality that they demonstrate in their simplicity. We all consist of the same chemical elements and we are part of a single complex system that underlies physical rules themselves.<\/p>\n<p>Collectiveness and union are the driving thoughts for the creation of this work that intends to awaken feelings of belonging we have now forgotten. The link between humans and nature is powerful and vigorous, we are inseparable from the world around us that regulates our existence with its universal laws.<\/p>\n<p>&nbsp;<\/p>\n<p><span style=\"color: #808080\">La scienza ha dimostrato che la Terra e la sua vita sono state create dall\u2019esplosione delle stelle, nate dopo il Big Bang. Durante il Big Bang, infatti, furono creati solo tre elementi: elio, idrogeno e litio; tutti gli altri elementi nacquero successivamente, grazie all\u2019estrema pressione e calore presenti dentro alle stelle. Per questa ragione l\u2019essere umano, come tutta la natura, \u00e8 composto di pulviscolo stellare, atomi provenienti dallo spazio. <\/span><\/p>\n<p><span style=\"color: #808080\">Le opere di questa serie si basano su queste sei parole \u2013 We are all made of stardust \u2013 e sul concetto di universalit\u00e0 e uguaglianza che nella loro semplicit\u00e0 manifestano. Siamo tutti composti degli stessi elementi chimici e siamo parte di un unico sistema complesso che sottost\u00e0 alle stesse regole fisiche. <\/span><\/p>\n<p><span style=\"color: #808080\">Collettivit\u00e0 e unione sono i pensieri guida per la creazione di quest\u2019opera che cerca di risvegliare sentimenti di appartenenza oggi ormai dimenticati. Il legame tra uomo e natura \u00e8 potente ed energico, siamo inseparabili dal mondo che ci circonda e che regola il nostro esistere con le sue leggi universali.<\/span>[\/vc_column_text][vc_separator type=&#8221;transparent&#8221; thickness=&#8221;10&#8243;][vc_column_text]Some artworks of this series are real reproductions of the Boreal and Austral skies, specific constellations or, again, the sky on specific dates.\u00a0How were the star-studded skies seen on a particular night at given point on earth.<\/p>\n<p>These works are an expanse of sky on a given date in the past and the future: dates of birth or historical events. Through this work the artist links the microcosmos with macrocosmos: humankind with the celestial.<\/p>\n<p>&nbsp;<\/p>\n<p><span style=\"color: #808080\">Le opere Star Gate contenenti le mappe stellari sono vere e proprie riproduzioni del cielo Boreale, del cielo Australe, di specifiche costellazioni o, ancora, di specifiche date.\u00a0<\/span><span style=\"color: #808080\">Come si vedeva il cielo stellato di una specifica notte in un dato punto della terra.<\/span><\/p>\n<p><span style=\"color: #808080\">Queste opere sono la traccia del cielo di precise date del passato e del futuro: date di nascita o di eventi storici. L\u2019artista con questa pratica collega il microcosmo al microcosmo: l\u2019uomo al celeste.<\/span><\/p>\n<p>[\/vc_column_text][vc_separator type=&#8221;transparent&#8221; thickness=&#8221;10&#8243;][vc_video link=&#8221;https:\/\/youtu.be\/rFvF6n-3z4o&#8221;][vc_separator type=&#8221;transparent&#8221; thickness=&#8221;10&#8243;][vc_column_text]\u2018Star Gate\u2019 (The Map of the Northern Hemisphere) 2021-22, stainless steel, electrical system, glass, \u00d8 1228 mm x Depth 348 mm.<\/p>\n<p>Courtesy Costa Crociere \u2013 Samuelis Baumgarte Galerie[\/vc_column_text][vc_separator type=&#8221;transparent&#8221; thickness=&#8221;10&#8243;][vc_separator type=&#8221;transparent&#8221; thickness=&#8221;10&#8243;][\/vc_column][\/vc_row]<\/p>\n<\/div>","protected":false},"excerpt":{"rendered":"<p>[vc_row css_animation=&#8221;&#8221; row_type=&#8221;row&#8221; use_row_as_full_screen_section=&#8221;no&#8221; type=&#8221;full_width&#8221; angled_section=&#8221;no&#8221; text_align=&#8221;left&#8221; background_image_as_pattern=&#8221;without_pattern&#8221;][vc_column][vc_column_text] Macro Cosmos [\/vc_column_text][vc_separator type=&#8221;transparent&#8221; thickness=&#8221;10&#8243;][vc_column_text]Science has shown that the earth and the life on it were forged by stars born after the Big Bang exploding. In fact, only three elements were created during the Big Bang: helium,&#8230;<\/p>\n","protected":false},"author":4,"featured_media":0,"parent":0,"menu_order":0,"comment_status":"closed","ping_status":"closed","template":"","meta":{"_monsterinsights_skip_tracking":false,"_monsterinsights_sitenote_active":false,"_monsterinsights_sitenote_note":"","_monsterinsights_sitenote_category":0,"footnotes":""},"class_list":["post-18340","page","type-page","status-publish","hentry"],"aioseo_notices":[],"_links":{"self":[{"href":"https:\/\/penelopearts.com\/arts\/wp-json\/wp\/v2\/pages\/18340","targetHints":{"allow":["GET"]}}],"collection":[{"href":"https:\/\/penelopearts.com\/arts\/wp-json\/wp\/v2\/pages"}],"about":[{"href":"https:\/\/penelopearts.com\/arts\/wp-json\/wp\/v2\/types\/page"}],"author":[{"embeddable":true,"href":"https:\/\/penelopearts.com\/arts\/wp-json\/wp\/v2\/users\/4"}],"replies":[{"embeddable":true,"href":"https:\/\/penelopearts.com\/arts\/wp-json\/wp\/v2\/comments?post=18340"}],"version-history":[{"count":19,"href":"https:\/\/penelopearts.com\/arts\/wp-json\/wp\/v2\/pages\/18340\/revisions"}],"predecessor-version":[{"id":18896,"href":"https:\/\/penelopearts.com\/arts\/wp-json\/wp\/v2\/pages\/18340\/revisions\/18896"}],"wp:attachment":[{"href":"https:\/\/penelopearts.com\/arts\/wp-json\/wp\/v2\/media?parent=18340"}],"curies":[{"name":"wp","href":"https:\/\/api.w.org\/{rel}","templated":true}]}}