{"id":18225,"date":"2020-05-08T17:38:29","date_gmt":"2020-05-08T15:38:29","guid":{"rendered":"https:\/\/penelopearts.com\/arts\/?page_id=18225"},"modified":"2023-03-07T11:19:36","modified_gmt":"2023-03-07T10:19:36","slug":"abstract-portraits","status":"publish","type":"page","link":"https:\/\/penelopearts.com\/arts\/abstract-portraits\/","title":{"rendered":"Abstract Portraits"},"content":{"rendered":"<div class=\"wpb-content-wrapper\"><p>[vc_row css_animation=&#8221;&#8221; row_type=&#8221;row&#8221; use_row_as_full_screen_section=&#8221;no&#8221; type=&#8221;full_width&#8221; angled_section=&#8221;no&#8221; text_align=&#8221;left&#8221; background_image_as_pattern=&#8221;without_pattern&#8221;][vc_column][vc_column_text]<\/p>\n<h2>Abstract portraits<\/h2>\n<p>[\/vc_column_text][vc_separator type=&#8221;transparent&#8221;][vc_column_text]The origins of Abstract art go back to the beginning of the twentieth century as an answer to the experience of artists in a world of continuous change and modernisation. Those were years marked by industrialisation, mass production and the technical reproduction of images. It was precisely against this epoch-making change in society that artists began to appreciate and <strong>focus on what went beyond the simple reproduction of real images<\/strong> and endeavoured to express the emotion and feeling below the superficial form of things. Thus was born the abstract representation of reality through <strong>shapes, lines and colours<\/strong>.<\/p>\n<p>&nbsp;<\/p>\n<p>With a lens pointed towards the study of humanity that is more universal, Penelope uses abstract art as an instrument to get under the skin of people and reach that subterranean archetypal flow that unites them by slender threads. An abstract portrait that is made one and <strong>linked indissolubly with the person depicted<\/strong> but represented through those symbols that at the same time make the subject unique and universal in the flow of life and the story of the ages.<\/p>\n<p>&nbsp;<\/p>\n<p>This was the very period that Carl Gustav Jung discovered the human psyche is unique in the time it which it finds itself, but it is also universal, as it is immersed in that flow called the <em><strong>\u201ccollective unconscious\u201d<\/strong><\/em>. It is precisely in this subterranean flow that the symbols of humanity have their origin: those forms that are repeated in many societies and that represent human expressions that can be considered uniform to all cultures. So, in our personal subterranean life, in our emotions in our sufferances and expression of passion we continue undeterred to state still that we all come from the same force, the same creative energy\u00a0 and <strong>we are therefore still <em>\u201cstardust\u201d<\/em><\/strong>.<\/p>\n<p>&nbsp;<\/p>\n<p>&nbsp;<\/p>\n<p><span style=\"color: #999999\">L\u2019Astrattismo nasce agli inizi del Novecento in risposta all\u2019esperienza degli artisti di un mondo in continuo mutamento e modernizzazione. Erano quelli i tempi dell\u2019affermazione dell\u2019industrializzazione, della produzione di massa e della riproduzione tecnica delle immagini. \u00c8 proprio di fronte a questa svolta epocale della societ\u00e0 che gli artisti cominciano a <strong>valorizzare ci\u00f2 che \u00e8 al di l\u00e0 della pura riproduzione dell\u2019immagine reale<\/strong>, cercando di esprimere l\u2019emozione e il sentimento sotto la forma superficiale delle cose. Nasce cos\u00ec la rappresentazione astratta della realt\u00e0, attraverso <strong>forme, linee e colori<\/strong>.<\/span><\/p>\n<p>&nbsp;<\/p>\n<p><span style=\"color: #999999\">Con una lente orientata alla ricerca dell\u2019umanit\u00e0 pi\u00f9 universale, Penelope utilizza l\u2019astrattismo come strumento per arrivare oltre la pelle delle persone, a quel flusso sotterraneo archetipico che le unisce attraverso fili sottili. Un ritratto astratto si rende unico e <strong>legato indissolubilmente alla persona ritratta<\/strong>, ma questa viene rappresentata attraverso quei simboli che la rendono allo stesso tempo unica e universale nello scorrere della vita e della sua storia nei secoli.<\/span><\/p>\n<p>&nbsp;<\/p>\n<p><span style=\"color: #999999\">Carl Gustav Jung scopre proprio in questo periodo che la psiche umana \u00e8 unica nel suo punto temporale, ma anche universale, in quanto immersa nello scorrere di quel flusso che chiama <strong><em>\u201cinconscio collettivo\u201d<\/em><\/strong>. Proprio da questo fiume sotterraneo originano i simboli dell\u2019umanit\u00e0, quelle forme che si ripetono in tante societ\u00e0 e che rappresentano espressioni umane uniformabili a tutte le culture. Dunque, nel nostro personale vissuto sotterraneo, nelle nostre emozioni, nelle nostre sofferenze ed espressioni passionali continuiamo imperterriti ad affermare ancora che veniamo tutti dalla stessa forza, dalla stessa energia creatrice, e siamo quindi ancora <strong><em>\u201ctutti polvere di stelle\u201d<\/em><\/strong>.<\/span>[\/vc_column_text][vc_separator type=&#8221;transparent&#8221;][vc_separator type=&#8221;transparent&#8221;][vc_column_text]<\/p>\n<h2>Abstract portrait of Alcide Fontanesi<\/h2>\n<p>[\/vc_column_text][vc_separator type=&#8221;transparent&#8221;][vc_separator type=&#8221;normal&#8221;][\/vc_column][\/vc_row][vc_row css_animation=&#8221;&#8221; row_type=&#8221;row&#8221; use_row_as_full_screen_section=&#8221;no&#8221; type=&#8221;full_width&#8221; angled_section=&#8221;no&#8221; text_align=&#8221;left&#8221; background_image_as_pattern=&#8221;without_pattern&#8221;][vc_column][vc_column_text]<strong>Alcide Fontanesi<\/strong> is a versatile artist who ranges <strong>from painting to sculpture<\/strong> through his art, experimenting with unusual forms. His career began in the years following the second World War and is studded with pieces that are very different from each other: from large-scale public works to designer items.<\/p>\n<p>&nbsp;<\/p>\n<p>Penelope and Alcide are great friends and, at their frequent meetings, discuss their art and their ideas at length, feeding each other\u2019s thoughts and poetics, straddling two generations as far apart as you can get. This work is the combination of the friendship, esteem and gratitude that binds the two artists. Penelope actually decided to give form to the distinctive works and temperament of Alcide, the nonagenarian with his lively, active spirit, and then present it to the artist. This work is the abstract portrait of Alcide Fontanesi: with <strong>symbols and allegories<\/strong> it brings out the forms that are dearest to him and shows his <strong>enterprising and visionary character<\/strong>. The work releases the energy of the two artists, highlighting Alcide\u2019s artistic path and exploding in Penelope\u2019s incisive work.<\/p>\n<p>&nbsp;<\/p>\n<p><span style=\"color: #808080\"><strong> Alcide Fontanesi<\/strong> \u00e8 un artista poliedrico che con la sua arte spazia <strong>dalla pittura alla scultura<\/strong>, sperimentando forme inconsuete. La sua carriera inizia nel secondo dopoguerra ed \u00e8 costellata da pezzi estremamente diversi tra loro: dalle opere pubbliche di grandi dimensioni agli oggetti di design. <\/span><\/p>\n<p>&nbsp;<\/p>\n<p><span style=\"color: #808080\">Penelope e Alcide sono grandi amici, e nei loro frequenti incontri si dilungano a discutere della loro arte e delle loro idee, alimentando vicendevolmente i propri pensieri e poetiche, a cavallo di due generazioni totalmente distanti. Quest\u2019opera \u00e8 insieme l\u2019amicizia, la stima e la gratitudine che lega i due artisti. Penelope infatti ha deciso di esprimere i tratti distintivi e il temperamento di Alcide, ultranovantenne dallo spirito vivo e attivo, per poi darla in dono all\u2019artista. Quest\u2019opera \u00e8 il ritratto astratto di Alcide Fontanesi: con <strong>simboli e allegorie<\/strong> rivela le forme a lui pi\u00f9 care e manifesta il suo <strong>carattere intraprendente e visionario<\/strong>. L\u2019opera sprigiona l\u2019energia dei due artisti, esplicitando il percorso artistico di Alcide ed esplodendo nel graffiante tratto di Penelope.<\/span>[\/vc_column_text][\/vc_column][\/vc_row]<\/p>\n<\/div>","protected":false},"excerpt":{"rendered":"<p>[vc_row css_animation=&#8221;&#8221; row_type=&#8221;row&#8221; use_row_as_full_screen_section=&#8221;no&#8221; type=&#8221;full_width&#8221; angled_section=&#8221;no&#8221; text_align=&#8221;left&#8221; background_image_as_pattern=&#8221;without_pattern&#8221;][vc_column][vc_column_text] Abstract portraits [\/vc_column_text][vc_separator type=&#8221;transparent&#8221;][vc_column_text]The origins of Abstract art go back to the beginning of the twentieth century as an answer to the experience of artists in a world of continuous change and modernisation. Those were years marked&#8230;<\/p>\n","protected":false},"author":4,"featured_media":0,"parent":0,"menu_order":0,"comment_status":"closed","ping_status":"closed","template":"","meta":{"_monsterinsights_skip_tracking":false,"_monsterinsights_sitenote_active":false,"_monsterinsights_sitenote_note":"","_monsterinsights_sitenote_category":0,"footnotes":""},"class_list":["post-18225","page","type-page","status-publish","hentry"],"aioseo_notices":[],"_links":{"self":[{"href":"https:\/\/penelopearts.com\/arts\/wp-json\/wp\/v2\/pages\/18225","targetHints":{"allow":["GET"]}}],"collection":[{"href":"https:\/\/penelopearts.com\/arts\/wp-json\/wp\/v2\/pages"}],"about":[{"href":"https:\/\/penelopearts.com\/arts\/wp-json\/wp\/v2\/types\/page"}],"author":[{"embeddable":true,"href":"https:\/\/penelopearts.com\/arts\/wp-json\/wp\/v2\/users\/4"}],"replies":[{"embeddable":true,"href":"https:\/\/penelopearts.com\/arts\/wp-json\/wp\/v2\/comments?post=18225"}],"version-history":[{"count":7,"href":"https:\/\/penelopearts.com\/arts\/wp-json\/wp\/v2\/pages\/18225\/revisions"}],"predecessor-version":[{"id":18872,"href":"https:\/\/penelopearts.com\/arts\/wp-json\/wp\/v2\/pages\/18225\/revisions\/18872"}],"wp:attachment":[{"href":"https:\/\/penelopearts.com\/arts\/wp-json\/wp\/v2\/media?parent=18225"}],"curies":[{"name":"wp","href":"https:\/\/api.w.org\/{rel}","templated":true}]}}